{"id":26447,"date":"2022-03-29T17:50:29","date_gmt":"2022-03-29T15:50:29","guid":{"rendered":"http:\/\/seegut-blaueblume.de\/?page_id=26447"},"modified":"2022-03-29T18:48:42","modified_gmt":"2022-03-29T16:48:42","slug":"aktuelles","status":"publish","type":"page","link":"https:\/\/seegut-blaueblume.de\/de_de\/aktuelles\/","title":{"rendered":"Aktuelles"},"content":{"rendered":"<ul class=\"wp-block-latest-posts__list has-dates wp-block-latest-posts\"><li><div class=\"wp-block-latest-posts__featured-image alignleft\"><a href=\"https:\/\/seegut-blaueblume.de\/de_de\/landart\/\" aria-label=\"LandArt vom 10.08. &#8211; 14.08.26\"><img decoding=\"async\" width=\"150\" height=\"150\" src=\"https:\/\/seegut-blaueblume.de\/wp-content\/uploads\/2021\/10\/LandArt-Rainer-Baer-2-150x150.png\" class=\"attachment-thumbnail size-thumbnail wp-post-image\" alt=\"\" style=\"\" \/><\/a><\/div><a class=\"wp-block-latest-posts__post-title\" href=\"https:\/\/seegut-blaueblume.de\/de_de\/landart\/\">LandArt vom 10.08. &#8211; 14.08.26<\/a><time datetime=\"2026-01-21T16:52:59+01:00\" class=\"wp-block-latest-posts__post-date\">21. Januar 2026<\/time><div class=\"wp-block-latest-posts__post-excerpt\"> Die \u00e4sthetische Befragung \u00f6rtlicher Gegebenheiten wird zum Ausgangspunkt f\u00fcr minimalistische Gestaltungsideen in der Natur und mit der Natur.\n\nOrte werden zu Kunstwerken.\n\nNach einer theoretischen Einf\u00fchrung in LandArt findet der Kurs im Wald und in der Natur statt. Wir arbeiten mit dem Material, welches wir vor Ort vorfinden sowie mit einfachen Materialien wie Draht, Schnur, Papier, Stoff, Bauholz, Metallreste u.a.. Die Bearbeitung erfolgt mit Handwerkzeugen.\n\nDie entstandenen Werke verbleiben vor Ort. <\/div><\/li>\n<li><div class=\"wp-block-latest-posts__featured-image alignleft\"><a href=\"https:\/\/seegut-blaueblume.de\/de_de\/pesso-sommer-zeit-vom-16-21-august-2026\/\" aria-label=\"Pesso Sommer Zeit vom 16. \u2013 21. August 2026\"><img decoding=\"async\" width=\"150\" height=\"150\" src=\"https:\/\/seegut-blaueblume.de\/wp-content\/uploads\/2026\/01\/logo6_sophia_kumpmann-2-150x150.png\" class=\"attachment-thumbnail size-thumbnail wp-post-image\" alt=\"\" style=\"\" srcset=\"https:\/\/seegut-blaueblume.de\/wp-content\/uploads\/2026\/01\/logo6_sophia_kumpmann-2-150x150.png 150w, https:\/\/seegut-blaueblume.de\/wp-content\/uploads\/2026\/01\/logo6_sophia_kumpmann-2-12x12.png 12w, https:\/\/seegut-blaueblume.de\/wp-content\/uploads\/2026\/01\/logo6_sophia_kumpmann-2-230x230.png 230w, https:\/\/seegut-blaueblume.de\/wp-content\/uploads\/2026\/01\/logo6_sophia_kumpmann-2.png 288w\" sizes=\"(max-width: 150px) 100vw, 150px\" \/><\/a><\/div><a class=\"wp-block-latest-posts__post-title\" href=\"https:\/\/seegut-blaueblume.de\/de_de\/pesso-sommer-zeit-vom-16-21-august-2026\/\">Pesso Sommer Zeit vom 16. \u2013 21. August 2026<\/a><time datetime=\"2026-01-05T17:47:38+01:00\" class=\"wp-block-latest-posts__post-date\">5. Januar 2026<\/time><div class=\"wp-block-latest-posts__post-excerpt\">Mit der Pesso-Methode, in der Haltung der Gewaltfreien Kommunikation und unterst\u00fctzt durch wohltuende Natur in deine Kraft kommen\n\nUm als Erwachsene gut in unserer Kraft zu sein, neugierig, vertrauensvoll und lebendig unser Leben und unsere Beziehungen gestalten zu k\u00f6nnen, brauchen wir sichere (Bindungs-)Erfahrungen aus der Kindheit.\n\nWenn uns wichtige Bed\u00fcrfnisse in der Kindheit nicht genug erf\u00fcllt wurden oder wir zu viel gegeben haben, stolpern wir heute als Erwachsene immer wieder \u00fcber die daraus hervorgegangenen Denk- und Verhaltensmuster.<\/div><\/li>\n<li><div class=\"wp-block-latest-posts__featured-image alignleft\"><a href=\"https:\/\/seegut-blaueblume.de\/de_de\/freundeskreistage-vom-31-01-01-02-26\/\" aria-label=\"Freundeskreistage vom 31.01.-01.02.26\"><img decoding=\"async\" width=\"150\" height=\"150\" src=\"https:\/\/seegut-blaueblume.de\/wp-content\/uploads\/2025\/12\/FKT-Beitragsbild-01-26-150x150.jpg\" class=\"attachment-thumbnail size-thumbnail wp-post-image\" alt=\"\" style=\"\" \/><\/a><\/div><a class=\"wp-block-latest-posts__post-title\" href=\"https:\/\/seegut-blaueblume.de\/de_de\/freundeskreistage-vom-31-01-01-02-26\/\">Freundeskreistage vom 31.01.-01.02.26<\/a><time datetime=\"2025-12-20T17:31:48+01:00\" class=\"wp-block-latest-posts__post-date\">20. Dezember 2025<\/time><div class=\"wp-block-latest-posts__post-excerpt\">In diesen Freundeskreistagen wollen wir den Fokus auf das gemeinsame Entdecken legen &#8211; was bedeutet es in 2026, Frau und Mann zu sein? Sind unsere Unterschiede wirklich angeboren? Und wie tief pr\u00e4gt uns die Konditionierung durch Glaubenss\u00e4tze? Kann es sein, dass auch M\u00e4nner unter dem patriarchalen System leiden?\nWie sieht die Philosophie des Tantra weibliche und m\u00e4nnliche Energie?\n\nWir wollen aber noch mehr endecken und ins F\u00fchlen gehen, t\u00f6nen, tanzen, massieren, erleben, lecker essen, spazieren, Yoga machen, unsere Polarit\u00e4ten, aber auch unsere Einheit &#8230;<\/div><\/li>\n<li><div class=\"wp-block-latest-posts__featured-image alignleft\"><a href=\"https:\/\/seegut-blaueblume.de\/de_de\/mitmachen\/\" aria-label=\"Mitmachen!\"><img loading=\"lazy\" decoding=\"async\" width=\"150\" height=\"150\" src=\"https:\/\/seegut-blaueblume.de\/wp-content\/uploads\/2025\/12\/287676144_5201276523289409_177935242092008567_n-480x600-1-150x150.jpeg\" class=\"attachment-thumbnail size-thumbnail wp-post-image\" alt=\"\" style=\"\" \/><\/a><\/div><a class=\"wp-block-latest-posts__post-title\" href=\"https:\/\/seegut-blaueblume.de\/de_de\/mitmachen\/\">Mitmachen!<\/a><time datetime=\"2025-12-02T12:08:58+01:00\" class=\"wp-block-latest-posts__post-date\">2. Dezember 2025<\/time><div class=\"wp-block-latest-posts__post-excerpt\">Unser Blaue Blume e.V. und unser Seegut Blaue Blume suchen ab jetzt verschiedene Positionen f\u00fcr HelferInnen:\n\n    HelferInnen f\u00fcr die Vorbereitung von Veranstaltungen unseres gemeinn\u00fctzigen Vereins\n    HelferInnen f\u00fcr Gartenarbeit in unserem Permakulturgarten, Pflege der Wiesen des Waldes und des kleinen Sees auf dem 8 ha gro\u00dfen Areal rund um das Gutshaus\n    Hilfe bei der Zubereitung des Essens f\u00fcr die Gemeinschaft\n\nAnreisetag f\u00fcr Helfer ist Montag. Wir freuen uns \u00fcber einen Aufenthalt von mindestens einer Woche oder l\u00e4nger.\nDaf\u00fcr bieten wir Dir: &#8230;<\/div><\/li>\n<li><div class=\"wp-block-latest-posts__featured-image alignleft\"><a href=\"https:\/\/seegut-blaueblume.de\/de_de\/kuechenhelferinnen-gesucht\/\" aria-label=\"K\u00fcchenhelferInnen gesucht\"><img loading=\"lazy\" decoding=\"async\" width=\"150\" height=\"150\" src=\"https:\/\/seegut-blaueblume.de\/wp-content\/uploads\/2025\/06\/244440963_950667069180069_4546601375849827301_n-600x400-1-150x150.jpeg\" class=\"attachment-thumbnail size-thumbnail wp-post-image\" alt=\"K\u00fcche im Seegut Blaue Blume\" style=\"\" \/><\/a><\/div><a class=\"wp-block-latest-posts__post-title\" href=\"https:\/\/seegut-blaueblume.de\/de_de\/kuechenhelferinnen-gesucht\/\">K\u00fcchenhelferInnen gesucht<\/a><time datetime=\"2025-06-24T16:24:23+02:00\" class=\"wp-block-latest-posts__post-date\">24. Juni 2025<\/time><div class=\"wp-block-latest-posts__post-excerpt\">Vom 4. bis 6. Juli haben wir im  Seegut Blaue Blume in eine Veranstaltung mit rund 80 G\u00e4sten \u2013 und wir brauchen Dich zur Unterst\u00fctzung in der K\u00fcche!\nOb Schnippeln, Sp\u00fclen oder einfach mit anpacken \u2013 wir suchen 5-6 motivierte K\u00fcchenhilfen, die unser K\u00fcchenteam tatkr\u00e4ftig unterst\u00fctzen.\n\n\ud83d\udcb6 Das Ganze gibt\u2019s f\u00fcr faire 17,50\u202f\u20ac\/h netto!\n\n\ud83d\udc99 Lust auf Natur, nette Menschen und ein bisschen Extra-Geld?\nDann bist Du bei uns genau richtig!\n\ud83d\udc99 Lust auf Natur, nette Menschen und ein bisschen Extra-Geld?\nDann bist Du bei uns genau richtig!\n\nUnd wer wei\u00df \u2013 vielleicht \u2026\n<\/div><\/li>\n<li><div class=\"wp-block-latest-posts__featured-image alignleft\"><a href=\"https:\/\/seegut-blaueblume.de\/de_de\/open-stage-2025-auf-dem-seegut\/\" aria-label=\"OPEN STAGE 2025 auf dem Seegut\"><img loading=\"lazy\" decoding=\"async\" width=\"150\" height=\"150\" src=\"https:\/\/seegut-blaueblume.de\/wp-content\/uploads\/2022\/05\/signal-2022-05-17-172927-150x150.jpeg\" class=\"attachment-thumbnail size-thumbnail wp-post-image\" alt=\"\" style=\"\" \/><\/a><\/div><a class=\"wp-block-latest-posts__post-title\" href=\"https:\/\/seegut-blaueblume.de\/de_de\/open-stage-2025-auf-dem-seegut\/\">OPEN STAGE 2025 auf dem Seegut<\/a><time datetime=\"2025-01-29T10:31:01+01:00\" class=\"wp-block-latest-posts__post-date\">29. Januar 2025<\/time><div class=\"wp-block-latest-posts__post-excerpt\">N\u00e4chste Termine: 28.05. | 25.06. | 30.07. | 27.08. | 24.09. \nJeden letzten Mittwoch des Monats (April bis Sept. \u201924) pr\u00e4sentieren wir Ihnen einen bunten Strau\u00df Kleinkunst auf der Open-Air-B\u00fchne im Seegut Blaue Blume (bei schlechtem Wetter im Saal). F\u00fcr\u2019s leibliche Wohl sorgt unser Grillmeister und das Barpersonal. Du bist K\u00fcnstlerIn? Egal ob Laie, Anf\u00e4ngerin oder Profi \u2013 ob Musiker, Kom\u00f6diant, Zauberin, Lyriker, T\u00e4nzerin oder Clown\u2026. hier ist Deine Chance, Deine Kunst zu pr\u00e4sentieren und das Publikum zum Lachen, Weinen oder Staunen anzuregen &#8230;<\/div><\/li>\n<\/ul>","protected":false},"excerpt":{"rendered":"","protected":false},"author":3,"featured_media":0,"parent":0,"menu_order":0,"comment_status":"closed","ping_status":"closed","template":"page-templates\/page_fullwidth.php","meta":{"footnotes":""},"class_list":["post-26447","page","type-page","status-publish","hentry"],"yoast_head":"<!-- This site is optimized with the Yoast SEO plugin v27.4 - https:\/\/yoast.com\/product\/yoast-seo-wordpress\/ -->\n<title>Aktuelles - Seegut Blaue Blume<\/title>\n<meta name=\"robots\" content=\"index, follow, max-snippet:-1, max-image-preview:large, max-video-preview:-1\" \/>\n<link rel=\"canonical\" href=\"https:\/\/seegut-blaueblume.de\/de_de\/aktuelles\/\" \/>\n<meta property=\"og:locale\" content=\"de_DE\" \/>\n<meta property=\"og:type\" content=\"article\" \/>\n<meta property=\"og:title\" content=\"Aktuelles - Seegut Blaue Blume\" \/>\n<meta property=\"og:url\" content=\"https:\/\/seegut-blaueblume.de\/de_de\/aktuelles\/\" \/>\n<meta property=\"og:site_name\" content=\"Seegut Blaue Blume\" \/>\n<meta property=\"article:modified_time\" content=\"2022-03-29T16:48:42+00:00\" \/>\n<meta name=\"twitter:card\" content=\"summary_large_image\" \/>\n<script type=\"application\/ld+json\" class=\"yoast-schema-graph\">{\"@context\":\"https:\\\/\\\/schema.org\",\"@graph\":[{\"@type\":\"WebPage\",\"@id\":\"https:\\\/\\\/seegut-blaueblume.de\\\/de_de\\\/aktuelles\\\/\",\"url\":\"https:\\\/\\\/seegut-blaueblume.de\\\/de_de\\\/aktuelles\\\/\",\"name\":\"Aktuelles - Seegut Blaue Blume\",\"isPartOf\":{\"@id\":\"\\\/#website\"},\"datePublished\":\"2022-03-29T15:50:29+00:00\",\"dateModified\":\"2022-03-29T16:48:42+00:00\",\"breadcrumb\":{\"@id\":\"https:\\\/\\\/seegut-blaueblume.de\\\/de_de\\\/aktuelles\\\/#breadcrumb\"},\"inLanguage\":\"de\",\"potentialAction\":[{\"@type\":\"ReadAction\",\"target\":[\"https:\\\/\\\/seegut-blaueblume.de\\\/de_de\\\/aktuelles\\\/\"]}]},{\"@type\":\"BreadcrumbList\",\"@id\":\"https:\\\/\\\/seegut-blaueblume.de\\\/de_de\\\/aktuelles\\\/#breadcrumb\",\"itemListElement\":[{\"@type\":\"ListItem\",\"position\":1,\"name\":\"Home\",\"item\":\"https:\\\/\\\/seegut-blaueblume.de\\\/de_de\\\/\"},{\"@type\":\"ListItem\",\"position\":2,\"name\":\"Aktuelles\"}]},{\"@type\":\"WebSite\",\"@id\":\"\\\/#website\",\"url\":\"\\\/\",\"name\":\"Seegut Blaue Blume\",\"description\":\"Seminar- und Gruppenhaus\",\"potentialAction\":[{\"@type\":\"SearchAction\",\"target\":{\"@type\":\"EntryPoint\",\"urlTemplate\":\"\\\/?s={search_term_string}\"},\"query-input\":{\"@type\":\"PropertyValueSpecification\",\"valueRequired\":true,\"valueName\":\"search_term_string\"}}],\"inLanguage\":\"de\"}]}<\/script>\n<!-- \/ Yoast SEO plugin. -->","yoast_head_json":{"title":"Aktuelles - Seegut Blaue Blume","robots":{"index":"index","follow":"follow","max-snippet":"max-snippet:-1","max-image-preview":"max-image-preview:large","max-video-preview":"max-video-preview:-1"},"canonical":"https:\/\/seegut-blaueblume.de\/de_de\/aktuelles\/","og_locale":"de_DE","og_type":"article","og_title":"Aktuelles - Seegut Blaue Blume","og_url":"https:\/\/seegut-blaueblume.de\/de_de\/aktuelles\/","og_site_name":"Seegut Blaue Blume","article_modified_time":"2022-03-29T16:48:42+00:00","twitter_card":"summary_large_image","schema":{"@context":"https:\/\/schema.org","@graph":[{"@type":"WebPage","@id":"https:\/\/seegut-blaueblume.de\/de_de\/aktuelles\/","url":"https:\/\/seegut-blaueblume.de\/de_de\/aktuelles\/","name":"Aktuelles - Seegut Blaue Blume","isPartOf":{"@id":"\/#website"},"datePublished":"2022-03-29T15:50:29+00:00","dateModified":"2022-03-29T16:48:42+00:00","breadcrumb":{"@id":"https:\/\/seegut-blaueblume.de\/de_de\/aktuelles\/#breadcrumb"},"inLanguage":"de","potentialAction":[{"@type":"ReadAction","target":["https:\/\/seegut-blaueblume.de\/de_de\/aktuelles\/"]}]},{"@type":"BreadcrumbList","@id":"https:\/\/seegut-blaueblume.de\/de_de\/aktuelles\/#breadcrumb","itemListElement":[{"@type":"ListItem","position":1,"name":"Home","item":"https:\/\/seegut-blaueblume.de\/de_de\/"},{"@type":"ListItem","position":2,"name":"Aktuelles"}]},{"@type":"WebSite","@id":"\/#website","url":"\/","name":"Seegut Blaue Blume","description":"Seminar- und Gruppenhaus","potentialAction":[{"@type":"SearchAction","target":{"@type":"EntryPoint","urlTemplate":"\/?s={search_term_string}"},"query-input":{"@type":"PropertyValueSpecification","valueRequired":true,"valueName":"search_term_string"}}],"inLanguage":"de"}]}},"_links":{"self":[{"href":"https:\/\/seegut-blaueblume.de\/de_de\/wp-json\/wp\/v2\/pages\/26447","targetHints":{"allow":["GET"]}}],"collection":[{"href":"https:\/\/seegut-blaueblume.de\/de_de\/wp-json\/wp\/v2\/pages"}],"about":[{"href":"https:\/\/seegut-blaueblume.de\/de_de\/wp-json\/wp\/v2\/types\/page"}],"author":[{"embeddable":true,"href":"https:\/\/seegut-blaueblume.de\/de_de\/wp-json\/wp\/v2\/users\/3"}],"replies":[{"embeddable":true,"href":"https:\/\/seegut-blaueblume.de\/de_de\/wp-json\/wp\/v2\/comments?post=26447"}],"version-history":[{"count":0,"href":"https:\/\/seegut-blaueblume.de\/de_de\/wp-json\/wp\/v2\/pages\/26447\/revisions"}],"wp:attachment":[{"href":"https:\/\/seegut-blaueblume.de\/de_de\/wp-json\/wp\/v2\/media?parent=26447"}],"curies":[{"name":"wp","href":"https:\/\/api.w.org\/{rel}","templated":true}]}}