{"id":54945,"date":"2022-05-16T16:47:12","date_gmt":"2022-05-16T14:47:12","guid":{"rendered":"http:\/\/seegut-blaueblume.de\/?page_id=54945"},"modified":"2022-05-16T16:59:51","modified_gmt":"2022-05-16T14:59:51","slug":"danke-fuer-deine-newslettereintragung","status":"publish","type":"page","link":"https:\/\/seegut-blaueblume.de\/de_de\/danke-fuer-deine-newslettereintragung\/","title":{"rendered":"Danke!"},"content":{"rendered":"\t\t<div data-elementor-type=\"wp-page\" data-elementor-id=\"54945\" class=\"elementor elementor-54945\">\n\t\t\t\t\t\t<section class=\"elementor-section elementor-top-section elementor-element elementor-element-51db790 elementor-section-boxed elementor-section-height-default elementor-section-height-default\" data-id=\"51db790\" data-element_type=\"section\" data-e-type=\"section\">\n\t\t\t\t\t\t<div class=\"elementor-container elementor-column-gap-default\">\n\t\t\t\t\t<div class=\"elementor-column elementor-col-100 elementor-top-column elementor-element elementor-element-bddd84c\" data-id=\"bddd84c\" data-element_type=\"column\" data-e-type=\"column\">\n\t\t\t<div class=\"elementor-widget-wrap elementor-element-populated\">\n\t\t\t\t\t\t<section class=\"elementor-section elementor-inner-section elementor-element elementor-element-f2371a3 elementor-section-full_width elementor-section-height-default elementor-section-height-default\" data-id=\"f2371a3\" data-element_type=\"section\" data-e-type=\"section\">\n\t\t\t\t\t\t<div class=\"elementor-container elementor-column-gap-default\">\n\t\t\t\t\t<div class=\"elementor-column elementor-col-100 elementor-inner-column elementor-element elementor-element-e3d8e7d\" data-id=\"e3d8e7d\" data-element_type=\"column\" data-e-type=\"column\">\n\t\t\t<div class=\"elementor-widget-wrap elementor-element-populated\">\n\t\t\t\t\t\t<div class=\"elementor-element elementor-element-2884126 elementor-widget elementor-widget-text-editor\" data-id=\"2884126\" data-element_type=\"widget\" data-e-type=\"widget\" data-widget_type=\"text-editor.default\">\n\t\t\t\t<div class=\"elementor-widget-container\">\n\t\t\t\t\t\t\t\t\t<p>Vielen Dank f\u00fcr Deine Anmeldung!<br \/>\u00a0Sobald der n\u00e4chste Newsletter versendet wird, erh\u00e4ltst Du diesen.<\/p>\t\t\t\t\t\t\t\t<\/div>\n\t\t\t\t<\/div>\n\t\t\t\t\t<\/div>\n\t\t<\/div>\n\t\t\t\t\t<\/div>\n\t\t<\/section>\n\t\t\t\t\t<\/div>\n\t\t<\/div>\n\t\t\t\t\t<\/div>\n\t\t<\/section>\n\t\t\t\t<\/div>\n\t\t","protected":false},"excerpt":{"rendered":"<p>Vielen Dank f\u00fcr Deine Anmeldung! &nbsp;Sobald der n\u00e4chste Newsletter versendet wird, erh\u00e4ltst Du diesen.<\/p>\n","protected":false},"author":3,"featured_media":0,"parent":0,"menu_order":0,"comment_status":"closed","ping_status":"closed","template":"page-templates\/page_fullwidth.php","meta":{"footnotes":""},"class_list":["post-54945","page","type-page","status-publish","hentry"],"yoast_head":"<!-- This site is optimized with the Yoast SEO plugin v27.4 - https:\/\/yoast.com\/product\/yoast-seo-wordpress\/ -->\n<title>Danke! - Seegut Blaue Blume<\/title>\n<meta name=\"robots\" content=\"index, follow, max-snippet:-1, max-image-preview:large, max-video-preview:-1\" \/>\n<link rel=\"canonical\" href=\"https:\/\/seegut-blaueblume.de\/de_de\/danke-fuer-deine-newslettereintragung\/\" \/>\n<meta property=\"og:locale\" content=\"de_DE\" \/>\n<meta property=\"og:type\" content=\"article\" \/>\n<meta property=\"og:title\" content=\"Danke! - Seegut Blaue Blume\" \/>\n<meta property=\"og:description\" content=\"Vielen Dank f\u00fcr Deine Anmeldung! &nbsp;Sobald der n\u00e4chste Newsletter versendet wird, erh\u00e4ltst Du diesen.\" \/>\n<meta property=\"og:url\" content=\"https:\/\/seegut-blaueblume.de\/de_de\/danke-fuer-deine-newslettereintragung\/\" \/>\n<meta property=\"og:site_name\" content=\"Seegut Blaue Blume\" \/>\n<meta property=\"article:modified_time\" content=\"2022-05-16T14:59:51+00:00\" \/>\n<meta name=\"twitter:card\" content=\"summary_large_image\" \/>\n<meta name=\"twitter:label1\" content=\"Gesch\u00e4tzte Lesezeit\" \/>\n\t<meta name=\"twitter:data1\" content=\"1\u00a0Minute\" \/>\n<script type=\"application\/ld+json\" class=\"yoast-schema-graph\">{\"@context\":\"https:\\\/\\\/schema.org\",\"@graph\":[{\"@type\":\"WebPage\",\"@id\":\"https:\\\/\\\/seegut-blaueblume.de\\\/de_de\\\/danke-fuer-deine-newslettereintragung\\\/\",\"url\":\"https:\\\/\\\/seegut-blaueblume.de\\\/de_de\\\/danke-fuer-deine-newslettereintragung\\\/\",\"name\":\"Danke! - Seegut Blaue Blume\",\"isPartOf\":{\"@id\":\"\\\/#website\"},\"datePublished\":\"2022-05-16T14:47:12+00:00\",\"dateModified\":\"2022-05-16T14:59:51+00:00\",\"breadcrumb\":{\"@id\":\"https:\\\/\\\/seegut-blaueblume.de\\\/de_de\\\/danke-fuer-deine-newslettereintragung\\\/#breadcrumb\"},\"inLanguage\":\"de\",\"potentialAction\":[{\"@type\":\"ReadAction\",\"target\":[\"https:\\\/\\\/seegut-blaueblume.de\\\/de_de\\\/danke-fuer-deine-newslettereintragung\\\/\"]}]},{\"@type\":\"BreadcrumbList\",\"@id\":\"https:\\\/\\\/seegut-blaueblume.de\\\/de_de\\\/danke-fuer-deine-newslettereintragung\\\/#breadcrumb\",\"itemListElement\":[{\"@type\":\"ListItem\",\"position\":1,\"name\":\"Home\",\"item\":\"https:\\\/\\\/seegut-blaueblume.de\\\/de_de\\\/\"},{\"@type\":\"ListItem\",\"position\":2,\"name\":\"Danke!\"}]},{\"@type\":\"WebSite\",\"@id\":\"\\\/#website\",\"url\":\"\\\/\",\"name\":\"Seegut Blaue Blume\",\"description\":\"Seminar- und Gruppenhaus\",\"potentialAction\":[{\"@type\":\"SearchAction\",\"target\":{\"@type\":\"EntryPoint\",\"urlTemplate\":\"\\\/?s={search_term_string}\"},\"query-input\":{\"@type\":\"PropertyValueSpecification\",\"valueRequired\":true,\"valueName\":\"search_term_string\"}}],\"inLanguage\":\"de\"}]}<\/script>\n<!-- \/ Yoast SEO plugin. -->","yoast_head_json":{"title":"Danke! - Seegut Blaue Blume","robots":{"index":"index","follow":"follow","max-snippet":"max-snippet:-1","max-image-preview":"max-image-preview:large","max-video-preview":"max-video-preview:-1"},"canonical":"https:\/\/seegut-blaueblume.de\/de_de\/danke-fuer-deine-newslettereintragung\/","og_locale":"de_DE","og_type":"article","og_title":"Danke! - Seegut Blaue Blume","og_description":"Vielen Dank f\u00fcr Deine Anmeldung! &nbsp;Sobald der n\u00e4chste Newsletter versendet wird, erh\u00e4ltst Du diesen.","og_url":"https:\/\/seegut-blaueblume.de\/de_de\/danke-fuer-deine-newslettereintragung\/","og_site_name":"Seegut Blaue Blume","article_modified_time":"2022-05-16T14:59:51+00:00","twitter_card":"summary_large_image","twitter_misc":{"Gesch\u00e4tzte Lesezeit":"1\u00a0Minute"},"schema":{"@context":"https:\/\/schema.org","@graph":[{"@type":"WebPage","@id":"https:\/\/seegut-blaueblume.de\/de_de\/danke-fuer-deine-newslettereintragung\/","url":"https:\/\/seegut-blaueblume.de\/de_de\/danke-fuer-deine-newslettereintragung\/","name":"Danke! - Seegut Blaue Blume","isPartOf":{"@id":"\/#website"},"datePublished":"2022-05-16T14:47:12+00:00","dateModified":"2022-05-16T14:59:51+00:00","breadcrumb":{"@id":"https:\/\/seegut-blaueblume.de\/de_de\/danke-fuer-deine-newslettereintragung\/#breadcrumb"},"inLanguage":"de","potentialAction":[{"@type":"ReadAction","target":["https:\/\/seegut-blaueblume.de\/de_de\/danke-fuer-deine-newslettereintragung\/"]}]},{"@type":"BreadcrumbList","@id":"https:\/\/seegut-blaueblume.de\/de_de\/danke-fuer-deine-newslettereintragung\/#breadcrumb","itemListElement":[{"@type":"ListItem","position":1,"name":"Home","item":"https:\/\/seegut-blaueblume.de\/de_de\/"},{"@type":"ListItem","position":2,"name":"Danke!"}]},{"@type":"WebSite","@id":"\/#website","url":"\/","name":"Seegut Blaue Blume","description":"Seminar- und Gruppenhaus","potentialAction":[{"@type":"SearchAction","target":{"@type":"EntryPoint","urlTemplate":"\/?s={search_term_string}"},"query-input":{"@type":"PropertyValueSpecification","valueRequired":true,"valueName":"search_term_string"}}],"inLanguage":"de"}]}},"_links":{"self":[{"href":"https:\/\/seegut-blaueblume.de\/de_de\/wp-json\/wp\/v2\/pages\/54945","targetHints":{"allow":["GET"]}}],"collection":[{"href":"https:\/\/seegut-blaueblume.de\/de_de\/wp-json\/wp\/v2\/pages"}],"about":[{"href":"https:\/\/seegut-blaueblume.de\/de_de\/wp-json\/wp\/v2\/types\/page"}],"author":[{"embeddable":true,"href":"https:\/\/seegut-blaueblume.de\/de_de\/wp-json\/wp\/v2\/users\/3"}],"replies":[{"embeddable":true,"href":"https:\/\/seegut-blaueblume.de\/de_de\/wp-json\/wp\/v2\/comments?post=54945"}],"version-history":[{"count":0,"href":"https:\/\/seegut-blaueblume.de\/de_de\/wp-json\/wp\/v2\/pages\/54945\/revisions"}],"wp:attachment":[{"href":"https:\/\/seegut-blaueblume.de\/de_de\/wp-json\/wp\/v2\/media?parent=54945"}],"curies":[{"name":"wp","href":"https:\/\/api.w.org\/{rel}","templated":true}]}}